{"id":1241,"date":"2024-11-26T13:02:51","date_gmt":"2024-11-26T13:02:51","guid":{"rendered":"https:\/\/nataliakinskis.com\/?page_id=1241"},"modified":"2025-10-24T16:08:40","modified_gmt":"2025-10-24T16:08:40","slug":"teenused","status":"publish","type":"page","link":"https:\/\/nataliakinskis.com\/en\/","title":{"rendered":"Services"},"content":{"rendered":"<div data-elementor-type=\"wp-page\" data-elementor-id=\"1241\" class=\"elementor elementor-1241\" data-elementor-post-type=\"page\">\n\t\t\t\t\t\t<section class=\"elementor-section elementor-top-section elementor-element elementor-element-0aca6ad elementor-section-boxed elementor-section-height-default elementor-section-height-default\" data-id=\"0aca6ad\" data-element_type=\"section\">\n\t\t\t\t\t\t<div class=\"elementor-container elementor-column-gap-default\">\n\t\t\t\t\t<div class=\"elementor-column elementor-col-100 elementor-top-column elementor-element elementor-element-f3e3b62\" data-id=\"f3e3b62\" data-element_type=\"column\">\n\t\t\t<div class=\"elementor-widget-wrap elementor-element-populated\">\n\t\t\t\t\t\t<div class=\"elementor-element elementor-element-3f29c87 elementor-widget elementor-widget-text-editor\" data-id=\"3f29c87\" data-element_type=\"widget\" data-widget_type=\"text-editor.default\">\n\t\t\t\t<div class=\"elementor-widget-container\">\n\t\t\t<style>\/*! elementor - v3.23.0 - 15-07-2024 *\/\n.elementor-widget-text-editor.elementor-drop-cap-view-stacked .elementor-drop-cap{background-color:#69727d;color:#fff}.elementor-widget-text-editor.elementor-drop-cap-view-framed .elementor-drop-cap{color:#69727d;border:3px solid;background-color:transparent}.elementor-widget-text-editor:not(.elementor-drop-cap-view-default) .elementor-drop-cap{margin-top:8px}.elementor-widget-text-editor:not(.elementor-drop-cap-view-default) .elementor-drop-cap-letter{width:1em;height:1em}.elementor-widget-text-editor .elementor-drop-cap{float:left;text-align:center;line-height:1;font-size:50px}.elementor-widget-text-editor .elementor-drop-cap-letter{display:inline-block}<\/style>\t\t\t\t<p>Welcome to our comprehensive range of professional services, backed by over 10 years of experience in delivering exceptional results. Whether you\u2019re looking to transform your space, create a unique design, or ensure flawless execution, we are here to support you every step of the way. Explore our expertise below:<\/p><ul><li>Interior design service<\/li><li>Design<\/li><li>Planning\/Design engineering<\/li><li>Author\u2019s supervision<\/li><li>Execution<\/li><\/ul>\t\t\t\t\t\t<\/div>\n\t\t\t\t<\/div>\n\t\t\t\t\t<\/div>\n\t\t<\/div>\n\t\t\t\t\t<\/div>\n\t\t<\/section>\n\t\t\t\t<\/div>","protected":false},"excerpt":{"rendered":"<p>Tere tulemast meie terviklikku professionaalsete teenuste valikusse, mida toetab \u00fcle 10-aastane kogemus silmapaistvate tulemuste saavutamisel. Olgu Teie eesm\u00e4rgiks ruumi \u00fcmberkujundamine, ainulaadse disaini loomine v\u00f5i veatu teostus \u2013 oleme Teie jaoks olemas igal sammul. Tutvuge meie teenustega allpool: Sisekujunduse teenus Disain Projekteerimine Autorij\u00e4relevalve Teostus<\/p>","protected":false},"author":1,"featured_media":0,"parent":0,"menu_order":0,"comment_status":"closed","ping_status":"closed","template":"","meta":{"footnotes":""},"class_list":["post-1241","page","type-page","status-publish","hentry"],"_links":{"self":[{"href":"https:\/\/nataliakinskis.com\/en\/wp-json\/wp\/v2\/pages\/1241"}],"collection":[{"href":"https:\/\/nataliakinskis.com\/en\/wp-json\/wp\/v2\/pages"}],"about":[{"href":"https:\/\/nataliakinskis.com\/en\/wp-json\/wp\/v2\/types\/page"}],"author":[{"embeddable":true,"href":"https:\/\/nataliakinskis.com\/en\/wp-json\/wp\/v2\/users\/1"}],"replies":[{"embeddable":true,"href":"https:\/\/nataliakinskis.com\/en\/wp-json\/wp\/v2\/comments?post=1241"}],"version-history":[{"count":14,"href":"https:\/\/nataliakinskis.com\/en\/wp-json\/wp\/v2\/pages\/1241\/revisions"}],"predecessor-version":[{"id":1264,"href":"https:\/\/nataliakinskis.com\/en\/wp-json\/wp\/v2\/pages\/1241\/revisions\/1264"}],"wp:attachment":[{"href":"https:\/\/nataliakinskis.com\/en\/wp-json\/wp\/v2\/media?parent=1241"}],"curies":[{"name":"wp","href":"https:\/\/api.w.org\/{rel}","templated":true}]}}